{"id":27,"date":"2026-01-19T00:17:48","date_gmt":"2026-01-19T00:17:48","guid":{"rendered":"https:\/\/diegocaro.co\/?page_id=27"},"modified":"2026-02-03T01:47:44","modified_gmt":"2026-02-03T01:47:44","slug":"propuestas","status":"publish","type":"page","link":"https:\/\/diegocaro.co\/index.php\/propuestas\/","title":{"rendered":"Propuestas"},"content":{"rendered":"<p>[vc_row][vc_column width=&#8221;1\/3&#8243;][\/vc_column][vc_column width=&#8221;2\/3&#8243;]<div class=\"eltdf-iwt\">\n    <div class=\"eltdf-iwt-inner clearfix  eltdf-iwt-icon-left-from-title eltdf-iwt-icon-medium     \" >\n        <div class=\"eltdf-iwt-content\" >\n                            <h5 class=\"eltdf-iwt-title\" >\n                                            <span class=\"eltdf-iwt-icon\">\n                                                                <span class=\"eltdf-icon-shortcode eltdf-normal   eltdf-icon-medium\"  >\n                    <i class=\"eltdf-icon-dripicons dripicon  eltdf-icon-element\" style=\"\" ><\/i>            <\/span>\n                                                    <\/span>\n                        <span class=\"eltdf-iwt-title-text\">1. CERO IMPUNIDAD. El que delinque, paga. Sin atajos.<\/span>\n                                    <\/h5>\n                                <\/div>\n    <\/div>\n<\/div>[vc_column_text]<\/p>\n<ul>\n<li>Fin a las \u201cpuertas giratorias\u201d de la justicia.<\/li>\n<li>C\u00e1rcel real para cualquier delito, sin maquillaje legal.<\/li>\n<li>Reformas para impedir beneficios autom\u00e1ticos a criminales.<\/li>\n<\/ul>\n<p>[\/vc_column_text][vc_empty_space][\/vc_column][\/vc_row][vc_row][vc_column width=&#8221;2\/3&#8243;]<div class=\"eltdf-iwt\">\n    <div class=\"eltdf-iwt-inner clearfix  eltdf-iwt-icon-left-from-title eltdf-iwt-icon-medium     \" >\n        <div class=\"eltdf-iwt-content\" >\n                            <h5 class=\"eltdf-iwt-title\" >\n                                            <span class=\"eltdf-iwt-icon\">\n                                                                <span class=\"eltdf-icon-shortcode eltdf-normal   eltdf-icon-medium\"  >\n                    <i class=\"eltdf-icon-dripicons dripicon  eltdf-icon-element\" style=\"\" ><\/i>            <\/span>\n                                                    <\/span>\n                        <span class=\"eltdf-iwt-title-text\">2.GUERRA TOTAL CONTRA LA CORRUPCI\u00d3N. El dinero p\u00fablico es sagrado.<\/span>\n                                    <\/h5>\n                                <\/div>\n    <\/div>\n<\/div>[vc_column_text]<\/p>\n<ul>\n<li><span style=\"font-family: 'Arial',sans-serif;\">C\u00e1rcel efectiva para corruptos<\/span><\/li>\n<li><span style=\"font-family: 'Arial',sans-serif;\">P\u00e9rdida de bienes y prohibici\u00f3n de volver al Estado.<\/span><\/li>\n<li><span style=\"font-family: 'Arial',sans-serif;\">Control ciudadano y trazabilidad digital.<\/span><\/li>\n<\/ul>\n<p>[\/vc_column_text][vc_empty_space][\/vc_column][vc_column width=&#8221;1\/3&#8243;][\/vc_column][\/vc_row][vc_row][vc_column width=&#8221;1\/3&#8243;][\/vc_column][vc_column width=&#8221;2\/3&#8243;]<div class=\"eltdf-iwt\">\n    <div class=\"eltdf-iwt-inner clearfix  eltdf-iwt-icon-left-from-title eltdf-iwt-icon-medium     \" >\n        <div class=\"eltdf-iwt-content\" >\n                            <h5 class=\"eltdf-iwt-title\" >\n                                            <span class=\"eltdf-iwt-icon\">\n                                                                <span class=\"eltdf-icon-shortcode eltdf-normal   eltdf-icon-medium\"  >\n                    <i class=\"eltdf-icon-dripicons dripicon  eltdf-icon-element\" style=\"\" ><\/i>            <\/span>\n                                                    <\/span>\n                        <span class=\"eltdf-iwt-title-text\">3.ORDEN PARA QUE EL PA\u00cdS FUNCIONE. Quien no cumple, responde.<\/span>\n                                    <\/h5>\n                                <\/div>\n    <\/div>\n<\/div>[vc_column_text]<\/p>\n<ul>\n<li>Ley clara, r\u00e1pida y sin privilegios.<\/li>\n<li>Fin al desorden y la flojera institucional.<\/li>\n<li>Protecci\u00f3n total a quienes trabajan, cumplen y hacen las cosas bien.<\/li>\n<\/ul>\n<p>[\/vc_column_text][vc_empty_space][\/vc_column][\/vc_row]<\/p>\n","protected":false},"excerpt":{"rendered":"<p>[vc_row][vc_column width=&#8221;1\/3&#8243;][\/vc_column][vc_column width=&#8221;2\/3&#8243;][vc_column_text] Fin a las \u201cpuertas giratorias\u201d de la justicia. C\u00e1rcel real para cualquier delito, sin maquillaje legal. Reformas para impedir beneficios autom\u00e1ticos a criminales. [\/vc_column_text][vc_empty_space][\/vc_column][\/vc_row][vc_row][vc_column width=&#8221;2\/3&#8243;][vc_column_text] C\u00e1rcel efectiva para corruptos P\u00e9rdida de bienes y prohibici\u00f3n de volver al [&hellip;]<\/p>\n","protected":false},"author":2,"featured_media":0,"parent":0,"menu_order":0,"comment_status":"closed","ping_status":"closed","template":"","meta":{"footnotes":""},"class_list":["post-27","page","type-page","status-publish","hentry"],"_links":{"self":[{"href":"https:\/\/diegocaro.co\/index.php\/wp-json\/wp\/v2\/pages\/27","targetHints":{"allow":["GET"]}}],"collection":[{"href":"https:\/\/diegocaro.co\/index.php\/wp-json\/wp\/v2\/pages"}],"about":[{"href":"https:\/\/diegocaro.co\/index.php\/wp-json\/wp\/v2\/types\/page"}],"author":[{"embeddable":true,"href":"https:\/\/diegocaro.co\/index.php\/wp-json\/wp\/v2\/users\/2"}],"replies":[{"embeddable":true,"href":"https:\/\/diegocaro.co\/index.php\/wp-json\/wp\/v2\/comments?post=27"}],"version-history":[{"count":21,"href":"https:\/\/diegocaro.co\/index.php\/wp-json\/wp\/v2\/pages\/27\/revisions"}],"predecessor-version":[{"id":196,"href":"https:\/\/diegocaro.co\/index.php\/wp-json\/wp\/v2\/pages\/27\/revisions\/196"}],"wp:attachment":[{"href":"https:\/\/diegocaro.co\/index.php\/wp-json\/wp\/v2\/media?parent=27"}],"curies":[{"name":"wp","href":"https:\/\/api.w.org\/{rel}","templated":true}]}}